{"id":11334,"date":"2023-04-26T11:02:21","date_gmt":"2023-04-26T11:02:21","guid":{"rendered":"https:\/\/www.idhammarsystems.com\/wpml-stod\/"},"modified":"2023-04-26T11:07:36","modified_gmt":"2023-04-26T11:07:36","slug":"wpml-stod","status":"publish","type":"page","link":"https:\/\/www.idhammarsystems.com\/sv\/wpml-stod\/","title":{"rendered":"wpml-st\u00f6d"},"content":{"rendered":"\t\t<div data-elementor-type=\"wp-page\" data-elementor-id=\"11334\" class=\"elementor elementor-11334\" data-elementor-post-type=\"page\">\n\t\t\t\t\t\t<section class=\"elementor-section elementor-top-section elementor-element elementor-element-2a85fc89 dsvy-col-stretched-none dsvy-bg-color-over-image elementor-section-boxed elementor-section-height-default elementor-section-height-default\" data-id=\"2a85fc89\" data-element_type=\"section\" data-e-type=\"section\">\n\t\t\t\t\t\t<div class=\"elementor-container elementor-column-gap-default\">\n\t\t\t\t\t<div class=\"elementor-column elementor-col-100 elementor-top-column elementor-element elementor-element-261d7ec4 dsvy-bg-color-over-image\" data-id=\"261d7ec4\" data-element_type=\"column\" data-e-type=\"column\">\n\t\t\t<div class=\"elementor-widget-wrap elementor-element-populated\">\n\t\t\t\t\t\t<div class=\"elementor-element elementor-element-1f19bb21 elementor-widget elementor-widget-text-editor\" data-id=\"1f19bb21\" data-element_type=\"widget\" data-e-type=\"widget\" data-widget_type=\"text-editor.default\">\n\t\t\t\t<div class=\"elementor-widget-container\">\n\t\t\t\t\t\t\t\t\t<p>Tillagt av wpml-support. sn\u00e4lla radera det senare.<\/p>\n\t\t\t\t\t\t\t\t<\/div>\n\t\t\t\t<\/div>\n\t\t\t\t\t<\/div>\n\t\t<\/div>\n\t\t\t\t\t<\/div>\n\t\t<\/section>\n\t\t\t\t<section class=\"elementor-section elementor-top-section elementor-element elementor-element-0076cb1 dsvy-col-stretched-none dsvy-bg-color-over-image elementor-section-boxed elementor-section-height-default elementor-section-height-default\" data-id=\"0076cb1\" data-element_type=\"section\" data-e-type=\"section\">\n\t\t\t\t\t\t<div class=\"elementor-container elementor-column-gap-default\">\n\t\t\t\t\t<div class=\"elementor-column elementor-col-100 elementor-top-column elementor-element elementor-element-f632e26 dsvy-bg-color-over-image\" data-id=\"f632e26\" data-element_type=\"column\" data-e-type=\"column\">\n\t\t\t<div class=\"elementor-widget-wrap elementor-element-populated\">\n\t\t\t\t\t\t<div class=\"elementor-element elementor-element-fff282b elementor-widget elementor-widget-heading\" data-id=\"fff282b\" data-element_type=\"widget\" data-e-type=\"widget\" data-widget_type=\"heading.default\">\n\t\t\t\t<div class=\"elementor-widget-container\">\n\t\t\t\t\t<h2 class=\"elementor-heading-title elementor-size-default\">Engelskt inneh\u00e5ll fr\u00e5n WPML Support.<\/h2>\t\t\t\t<\/div>\n\t\t\t\t<\/div>\n\t\t\t\t\t<\/div>\n\t\t<\/div>\n\t\t\t\t\t<\/div>\n\t\t<\/section>\n\t\t\t\t<\/div>\n\t\t","protected":false},"excerpt":{"rendered":"<p>Tillagt av wpml-support. sn\u00e4lla radera det senare. Engelskt inneh\u00e5ll fr\u00e5n WPML Support.<\/p>\n","protected":false},"author":35,"featured_media":0,"parent":0,"menu_order":0,"comment_status":"closed","ping_status":"closed","template":"","meta":{"_acf_changed":false,"inline_featured_image":false,"footnotes":""},"class_list":["post-11334","page","type-page","status-publish","hentry"],"acf":[],"yoast_head":"<!-- This site is optimized with the Yoast SEO plugin v27.4 - https:\/\/yoast.com\/product\/yoast-seo-wordpress\/ -->\n<title>wpml-st\u00f6d - Idhammar Systems<\/title>\n<meta name=\"robots\" content=\"index, follow, max-snippet:-1, max-image-preview:large, max-video-preview:-1\" \/>\n<link rel=\"canonical\" href=\"https:\/\/www.idhammarsystems.com\/sv\/wpml-stod\/\" \/>\n<meta property=\"og:locale\" content=\"sv_SE\" \/>\n<meta property=\"og:type\" content=\"article\" \/>\n<meta property=\"og:title\" content=\"wpml-st\u00f6d - Idhammar Systems\" \/>\n<meta property=\"og:description\" content=\"Tillagt av wpml-support. sn\u00e4lla radera det senare. Engelskt inneh\u00e5ll fr\u00e5n WPML Support.\" \/>\n<meta property=\"og:url\" content=\"https:\/\/www.idhammarsystems.com\/sv\/wpml-stod\/\" \/>\n<meta property=\"og:site_name\" content=\"Idhammar Systems\" \/>\n<meta property=\"article:modified_time\" content=\"2023-04-26T11:07:36+00:00\" \/>\n<meta property=\"og:image\" content=\"https:\/\/www.idhammarsystems.com\/wp-content\/uploads\/2023\/05\/Ny-logga.png\" \/>\n\t<meta property=\"og:image:width\" content=\"691\" \/>\n\t<meta property=\"og:image:height\" content=\"139\" \/>\n\t<meta property=\"og:image:type\" content=\"image\/png\" \/>\n<meta name=\"twitter:card\" content=\"summary_large_image\" \/>\n<script type=\"application\/ld+json\" class=\"yoast-schema-graph\">{\"@context\":\"https:\\\/\\\/schema.org\",\"@graph\":[{\"@type\":\"WebPage\",\"@id\":\"https:\\\/\\\/www.idhammarsystems.com\\\/sv\\\/wpml-stod\\\/\",\"url\":\"https:\\\/\\\/www.idhammarsystems.com\\\/sv\\\/wpml-stod\\\/\",\"name\":\"wpml-st\u00f6d - Idhammar Systems\",\"isPartOf\":{\"@id\":\"https:\\\/\\\/www.idhammarsystems.com\\\/sv\\\/#website\"},\"datePublished\":\"2023-04-26T11:02:21+00:00\",\"dateModified\":\"2023-04-26T11:07:36+00:00\",\"breadcrumb\":{\"@id\":\"https:\\\/\\\/www.idhammarsystems.com\\\/sv\\\/wpml-stod\\\/#breadcrumb\"},\"inLanguage\":\"sv-SE\",\"potentialAction\":[{\"@type\":\"ReadAction\",\"target\":[\"https:\\\/\\\/www.idhammarsystems.com\\\/sv\\\/wpml-stod\\\/\"]}]},{\"@type\":\"BreadcrumbList\",\"@id\":\"https:\\\/\\\/www.idhammarsystems.com\\\/sv\\\/wpml-stod\\\/#breadcrumb\",\"itemListElement\":[{\"@type\":\"ListItem\",\"position\":1,\"name\":\"Home\",\"item\":\"https:\\\/\\\/www.idhammarsystems.com\\\/sv\\\/\"},{\"@type\":\"ListItem\",\"position\":2,\"name\":\"wpml-st\u00f6d\"}]},{\"@type\":\"WebSite\",\"@id\":\"https:\\\/\\\/www.idhammarsystems.com\\\/sv\\\/#website\",\"url\":\"https:\\\/\\\/www.idhammarsystems.com\\\/sv\\\/\",\"name\":\"Idhammar Systems\",\"description\":\"Empowering maintenance and asset management\",\"potentialAction\":[{\"@type\":\"SearchAction\",\"target\":{\"@type\":\"EntryPoint\",\"urlTemplate\":\"https:\\\/\\\/www.idhammarsystems.com\\\/sv\\\/?s={search_term_string}\"},\"query-input\":{\"@type\":\"PropertyValueSpecification\",\"valueRequired\":true,\"valueName\":\"search_term_string\"}}],\"inLanguage\":\"sv-SE\"}]}<\/script>\n<!-- \/ Yoast SEO plugin. -->","yoast_head_json":{"title":"wpml-st\u00f6d - Idhammar Systems","robots":{"index":"index","follow":"follow","max-snippet":"max-snippet:-1","max-image-preview":"max-image-preview:large","max-video-preview":"max-video-preview:-1"},"canonical":"https:\/\/www.idhammarsystems.com\/sv\/wpml-stod\/","og_locale":"sv_SE","og_type":"article","og_title":"wpml-st\u00f6d - Idhammar Systems","og_description":"Tillagt av wpml-support. sn\u00e4lla radera det senare. Engelskt inneh\u00e5ll fr\u00e5n WPML Support.","og_url":"https:\/\/www.idhammarsystems.com\/sv\/wpml-stod\/","og_site_name":"Idhammar Systems","article_modified_time":"2023-04-26T11:07:36+00:00","og_image":[{"width":691,"height":139,"url":"https:\/\/www.idhammarsystems.com\/wp-content\/uploads\/2023\/05\/Ny-logga.png","type":"image\/png"}],"twitter_card":"summary_large_image","schema":{"@context":"https:\/\/schema.org","@graph":[{"@type":"WebPage","@id":"https:\/\/www.idhammarsystems.com\/sv\/wpml-stod\/","url":"https:\/\/www.idhammarsystems.com\/sv\/wpml-stod\/","name":"wpml-st\u00f6d - Idhammar Systems","isPartOf":{"@id":"https:\/\/www.idhammarsystems.com\/sv\/#website"},"datePublished":"2023-04-26T11:02:21+00:00","dateModified":"2023-04-26T11:07:36+00:00","breadcrumb":{"@id":"https:\/\/www.idhammarsystems.com\/sv\/wpml-stod\/#breadcrumb"},"inLanguage":"sv-SE","potentialAction":[{"@type":"ReadAction","target":["https:\/\/www.idhammarsystems.com\/sv\/wpml-stod\/"]}]},{"@type":"BreadcrumbList","@id":"https:\/\/www.idhammarsystems.com\/sv\/wpml-stod\/#breadcrumb","itemListElement":[{"@type":"ListItem","position":1,"name":"Home","item":"https:\/\/www.idhammarsystems.com\/sv\/"},{"@type":"ListItem","position":2,"name":"wpml-st\u00f6d"}]},{"@type":"WebSite","@id":"https:\/\/www.idhammarsystems.com\/sv\/#website","url":"https:\/\/www.idhammarsystems.com\/sv\/","name":"Idhammar Systems","description":"Empowering maintenance and asset management","potentialAction":[{"@type":"SearchAction","target":{"@type":"EntryPoint","urlTemplate":"https:\/\/www.idhammarsystems.com\/sv\/?s={search_term_string}"},"query-input":{"@type":"PropertyValueSpecification","valueRequired":true,"valueName":"search_term_string"}}],"inLanguage":"sv-SE"}]}},"_links":{"self":[{"href":"https:\/\/www.idhammarsystems.com\/sv\/wp-json\/wp\/v2\/pages\/11334","targetHints":{"allow":["GET"]}}],"collection":[{"href":"https:\/\/www.idhammarsystems.com\/sv\/wp-json\/wp\/v2\/pages"}],"about":[{"href":"https:\/\/www.idhammarsystems.com\/sv\/wp-json\/wp\/v2\/types\/page"}],"author":[{"embeddable":true,"href":"https:\/\/www.idhammarsystems.com\/sv\/wp-json\/wp\/v2\/users\/35"}],"replies":[{"embeddable":true,"href":"https:\/\/www.idhammarsystems.com\/sv\/wp-json\/wp\/v2\/comments?post=11334"}],"version-history":[{"count":0,"href":"https:\/\/www.idhammarsystems.com\/sv\/wp-json\/wp\/v2\/pages\/11334\/revisions"}],"wp:attachment":[{"href":"https:\/\/www.idhammarsystems.com\/sv\/wp-json\/wp\/v2\/media?parent=11334"}],"curies":[{"name":"wp","href":"https:\/\/api.w.org\/{rel}","templated":true}]}}