{"id":11301,"date":"2022-10-20T13:01:43","date_gmt":"2022-10-20T13:01:43","guid":{"rendered":"https:\/\/www.idhammarsystems.com\/sekretesspolicy\/"},"modified":"2023-05-26T06:50:32","modified_gmt":"2023-05-26T06:50:32","slug":"sekretesspolicy","status":"publish","type":"page","link":"https:\/\/www.idhammarsystems.com\/sv\/sekretesspolicy\/","title":{"rendered":"Sekretesspolicy"},"content":{"rendered":"\t\t<div data-elementor-type=\"wp-page\" data-elementor-id=\"11301\" class=\"elementor elementor-11301 elementor-7834\" data-elementor-post-type=\"page\">\n\t\t\t\t\t\t<section class=\"elementor-section elementor-top-section elementor-element elementor-element-027f979 elementor-section-stretched dsvy-col-stretched-none dsvy-bg-color-over-image elementor-section-boxed elementor-section-height-default elementor-section-height-default\" data-id=\"027f979\" data-element_type=\"section\" data-e-type=\"section\" data-settings=\"{&quot;stretch_section&quot;:&quot;section-stretched&quot;,&quot;background_background&quot;:&quot;gradient&quot;}\">\n\t\t\t\t\t\t\t<div class=\"elementor-background-overlay\"><\/div>\n\t\t\t\t\t\t\t<div class=\"elementor-container elementor-column-gap-default\">\n\t\t\t\t\t<div class=\"elementor-column elementor-col-50 elementor-top-column elementor-element elementor-element-4279a15 dsvy-bg-color-over-image\" data-id=\"4279a15\" data-element_type=\"column\" data-e-type=\"column\">\n\t\t\t<div class=\"elementor-widget-wrap elementor-element-populated\">\n\t\t\t\t\t\t<div class=\"elementor-element elementor-element-624b8f9 elementor-widget elementor-widget-heading\" data-id=\"624b8f9\" data-element_type=\"widget\" data-e-type=\"widget\" data-widget_type=\"heading.default\">\n\t\t\t\t<div class=\"elementor-widget-container\">\n\t\t\t\t\t<h2 class=\"elementor-heading-title elementor-size-default\">IDHAMMAR<\/h2>\t\t\t\t<\/div>\n\t\t\t\t<\/div>\n\t\t\t\t<div class=\"elementor-element elementor-element-71fffa7 elementor-widget elementor-widget-heading\" data-id=\"71fffa7\" data-element_type=\"widget\" data-e-type=\"widget\" data-widget_type=\"heading.default\">\n\t\t\t\t<div class=\"elementor-widget-container\">\n\t\t\t\t\t<h1 class=\"elementor-heading-title elementor-size-default\">SEKRETESSPOLICY<\/h1>\t\t\t\t<\/div>\n\t\t\t\t<\/div>\n\t\t\t\t\t<\/div>\n\t\t<\/div>\n\t\t\t\t<div class=\"elementor-column elementor-col-50 elementor-top-column elementor-element elementor-element-5872165 dsvy-bg-color-over-image\" data-id=\"5872165\" data-element_type=\"column\" data-e-type=\"column\">\n\t\t\t<div class=\"elementor-widget-wrap\">\n\t\t\t\t\t\t\t<\/div>\n\t\t<\/div>\n\t\t\t\t\t<\/div>\n\t\t<\/section>\n\t\t\t\t<section class=\"elementor-section elementor-top-section elementor-element elementor-element-5c175cd elementor-section-stretched drivethechange dsvy-col-stretched-none dsvy-bg-color-over-image elementor-section-boxed elementor-section-height-default elementor-section-height-default\" data-id=\"5c175cd\" data-element_type=\"section\" data-e-type=\"section\" data-settings=\"{&quot;stretch_section&quot;:&quot;section-stretched&quot;,&quot;background_background&quot;:&quot;classic&quot;}\">\n\t\t\t\t\t\t<div class=\"elementor-container elementor-column-gap-default\">\n\t\t\t\t\t<div class=\"elementor-column elementor-col-100 elementor-top-column elementor-element elementor-element-1316272 dsvy-bg-color-over-image\" data-id=\"1316272\" data-element_type=\"column\" data-e-type=\"column\">\n\t\t\t<div class=\"elementor-widget-wrap elementor-element-populated\">\n\t\t\t\t\t\t<div class=\"elementor-element elementor-element-570f383 elementor-widget elementor-widget-spacer\" data-id=\"570f383\" data-element_type=\"widget\" data-e-type=\"widget\" data-widget_type=\"spacer.default\">\n\t\t\t\t<div class=\"elementor-widget-container\">\n\t\t\t\t\t\t\t<div class=\"elementor-spacer\">\n\t\t\t<div class=\"elementor-spacer-inner\"><\/div>\n\t\t<\/div>\n\t\t\t\t\t\t<\/div>\n\t\t\t\t<\/div>\n\t\t\t\t\t<\/div>\n\t\t<\/div>\n\t\t\t\t\t<\/div>\n\t\t<\/section>\n\t\t\t\t<section class=\"elementor-section elementor-top-section elementor-element elementor-element-1b6042e elementor-section-stretched dsvy-col-stretched-none dsvy-bg-color-over-image elementor-section-boxed elementor-section-height-default elementor-section-height-default\" data-id=\"1b6042e\" data-element_type=\"section\" data-e-type=\"section\" data-settings=\"{&quot;stretch_section&quot;:&quot;section-stretched&quot;,&quot;background_background&quot;:&quot;classic&quot;}\">\n\t\t\t\t\t\t<div class=\"elementor-container elementor-column-gap-default\">\n\t\t\t\t\t<div class=\"elementor-column elementor-col-100 elementor-top-column elementor-element elementor-element-a0b5be3 dsvy-bg-color-over-image\" data-id=\"a0b5be3\" data-element_type=\"column\" data-e-type=\"column\">\n\t\t\t<div class=\"elementor-widget-wrap elementor-element-populated\">\n\t\t\t\t\t\t<div class=\"elementor-element elementor-element-583e82e elementor-widget elementor-widget-heading\" data-id=\"583e82e\" data-element_type=\"widget\" data-e-type=\"widget\" data-widget_type=\"heading.default\">\n\t\t\t\t<div class=\"elementor-widget-container\">\n\t\t\t\t\t<h2 class=\"elementor-heading-title elementor-size-default\">Allm\u00e4nna dataskyddsf\u00f6rordningen 2018<\/h2>\t\t\t\t<\/div>\n\t\t\t\t<\/div>\n\t\t\t\t<div class=\"elementor-element elementor-element-906d5db elementor-widget elementor-widget-text-editor\" data-id=\"906d5db\" data-element_type=\"widget\" data-e-type=\"widget\" data-widget_type=\"text-editor.default\">\n\t\t\t\t<div class=\"elementor-widget-container\">\n\t\t\t\t\t\t\t\t\t<p>Idhammar Systems har \u00e5tagit sig att skydda och respektera er integritet online.<\/p>\n<p>Denna policy f\u00f6rklarar n\u00e4r och varf\u00f6r vi samlar in personlig information om personer som bes\u00f6ker v\u00e5r webbplats, hur vi anv\u00e4nder den, under vilka villkor vi kan avsl\u00f6ja den f\u00f6r andra och hur vi h\u00e5ller den s\u00e4ker.<\/p>\n<p>Vi kan komma att \u00e4ndra denna policy emellan\u00e5t, s\u00e5 se till att kontrollera den h\u00e4r sidan med j\u00e4mna mellanrum f\u00f6r att vara s\u00e4ker p\u00e5 att ni \u00e4r n\u00f6jda med eventuella \u00e4ndringar. Genom att anv\u00e4nda v\u00e5r webbplats samtycker ni till att vara bundna av denna policy.<\/p>\n<p>Alla fr\u00e5gor ang\u00e5ende denna policy och v\u00e5r integritetspraxis ska skickas via e-post till <a href=\"mailto:info@idhammarsystems.com\">info@idhammarsystems.com<\/a> eller genom att skriva till Idhammar Systems Ltd, Spaces Bristol Castle Park, Programme, The Pithay, Bristol BS1 2NB. Ni kan \u00e4ven ringa p\u00e5 nr. +44 (0)1621 814 480.<\/p>\n<p><span style=\"color: #223571;\"><strong>Hur samlar vi in information fr\u00e5n er?<\/strong><\/span><\/p>\n<p>Vi anskaffar information om er n\u00e4r ni anv\u00e4nder v\u00e5r webbsida, t.ex. n\u00e4r ni fyller i och skickar in Kontakta oss-formul\u00e4ret.<\/p>\n<h3> <\/h3>\n<p><span style=\"color: #223571;\"><strong>Vilken typ av information samlas in fr\u00e5n er?<\/strong><\/span><\/p>\n<p>Informationen vi samlar in kan inkludera ert namn, organisation och dess adress, e-postadress och information om vilka sidor som bes\u00f6ks och n\u00e4r.<\/p>\n<h3> <\/h3>\n<p><span style=\"color: #223571;\"><strong>Hur anv\u00e4nds er information?<\/strong><\/span><\/p>\n<p>Vi kan anv\u00e4nda er information f\u00f6r f\u00f6ljande \u00e4ndam\u00e5l:<\/p>\n<ul>\n<li>Meddela er om \u00e4ndringar i v\u00e5ra tj\u00e4nster.<\/li>\n<li>Skicka meddelanden som ni har beg\u00e4rt och som kan vara av intresse f\u00f6r er. Dessa kan inneh\u00e5lla information om kampanjer och produkterbjudanden.<\/li>\n<li>Inh\u00e4mta era synpunkter eller kommentarer om de tj\u00e4nster vi tillhandah\u00e5ller.<\/li>\n<\/ul>\n<p>Vi granskar och uppdaterar v\u00e5r kontaktlista regelbundet och kommer inte att kontakta er om ni \u00e4r registrerade hos TPS (Telephone Preference Service) eller om ni kontaktar oss f\u00f6r att meddela oss att ni inte l\u00e4ngre vill ta emot marknadsf\u00f6ringsuppdateringar.<\/p>\n<h3> <\/h3>\n<p><strong><span style=\"color: #223571;\">Vem har tillg\u00e5ng till er information?<\/span><\/strong><\/p>\n<p>Vi kommer inte att s\u00e4lja eller hyra ut er information till tredje part.<\/p>\n<p>Vi kommer inte att dela er information med tredje part i marknadsf\u00f6ringssyfte. Vi kan komma att vidarebefordra er information till v\u00e5ra tredjeparts tj\u00e4nsteleverant\u00f6rer i syfte att genomf\u00f6ra uppgifter och tillhandah\u00e5lla er tj\u00e4nster.<\/p>\n<p>N\u00e4r vi anv\u00e4nder tredjeparts tj\u00e4nsteleverant\u00f6rer avsl\u00f6jar vi endast den personliga information som \u00e4r n\u00f6dv\u00e4ndig f\u00f6r att leverera tj\u00e4nsten och vi har ett g\u00e4llande avtal som kr\u00e4ver att de h\u00e5ller er information s\u00e4ker och inte anv\u00e4nder den f\u00f6r sina egna direktmarknadsf\u00f6rings\u00e4ndam\u00e5l. Ni kan vara s\u00e4kra p\u00e5 att vi inte kommer att l\u00e4mna ut er information till tredje part s\u00e5 att de kan anv\u00e4nda den f\u00f6r sina egna direktmarknadsf\u00f6rings\u00e4ndam\u00e5l, s\u00e5vida ni inte har bett oss att g\u00f6ra det, eller vi \u00e4r skyldiga att g\u00f6ra det enligt lag, till exempel genom ett domstolsbeslut eller i syfte att f\u00f6rebygga bedr\u00e4geri eller annan brottslighet.<\/p>\n<p><em>Tredjeparts produktleverant\u00f6rer vi samarbetar med:<\/em> Vi har n\u00e4ra samarbeten med ett litet antal utvalda tredjepartsleverant\u00f6rer, till exempel f\u00f6r att genomf\u00f6ra telemarketingkampanjer med individens samtycke, i enlighet med denna integritetspolicy.<\/p>\n<p><strong><span style=\"color: #223571;\">Valfrihet<\/span><\/strong><\/p>\n<p>Ni v\u00e4ljer sj\u00e4lva om ni vill f\u00e5 information fr\u00e5n oss eller inte. Om ni inte vill f\u00e5 direktmarknadsf\u00f6ring fr\u00e5n oss g\u00e4llande branschinsikter och information om v\u00e5ra produkter och tj\u00e4nster, kan ni v\u00e4lja detta genom att kryssa i de relevanta rutorna p\u00e5 formul\u00e4ret d\u00e4r vi samlar in er information.<\/p>\n<p>Vi kommer inte att kontakta er i marknadsf\u00f6ringssyfte via e-post, telefon eller post utan ert f\u00f6reg\u00e5ende samtycke. Ni kan n\u00e4r som helst \u00e4ndra era marknadsf\u00f6ringspreferenser genom att kontakta oss via e-post till <a href=\"mailto:support@idhammarsystems.com\">info@idhammarsystems.com<\/a> eller telefon p\u00e5 +44 (0)1621 814 480.<\/p>\n<h3> <\/h3>\n<p><strong><span style=\"color: #223571;\">Hur ni f\u00e5r tillg\u00e5ng till och kan uppdatera er information<\/span><\/strong><\/p>\n<p>Det \u00e4r viktigt f\u00f6r oss att er information \u00e4r korrekt. Om ni \u00e4ndrar e-postadress, eller om n\u00e5gon annan information vi har \u00e4r felaktig eller inaktuell ber vi er meddela oss via e-post till <a href=\"mailto:info@idhammarsystems.com\">info@idhammarsystems.com<\/a> eller genom att skriva till Idhammar Systems Ltd, Spaces Bristol Castle Park, Programme, The Pithay, Bristol BS1 2NB. Ni kan \u00e4ven ringa p\u00e5 nr. +44 (0)1621 814 480.<\/p>\n<p>Ni har r\u00e4tt att beg\u00e4ra en kopia av den information Idhammar Systems har om er.<\/p>\n<p><strong><span style=\"color: #223571;\">V\u00e5ra g\u00e4llande s\u00e4kerhets\u00e5tg\u00e4rder f\u00f6r att skydda f\u00f6rlust, missbruk eller \u00e4ndring av er information<\/span><\/strong><\/p>\n<p>N\u00e4r ni ger oss personlig information vidtar vi \u00e5tg\u00e4rder f\u00f6r att s\u00e4kerst\u00e4lla att den behandlas p\u00e5 ett s\u00e4kert s\u00e4tt. V\u00e5ra policyer och procedurer \u00e4r kompatibla med GDPR-best\u00e4mmelser och \u00f6verensst\u00e4mmer med ISO\/IEC 27001:2013 Information Security Management System Standards (ledningssystem f\u00f6r informationss\u00e4kerhet).<\/p>\n<p><strong><span style=\"color: #223571;\">Anv\u00e4ndning av \u201dcookies\u201d<\/span><\/strong><\/p>\n<p>Idhammar Systems webbsida anv\u00e4nder cookies. &#8221;Cookies&#8221; \u00e4r sm\u00e5 bitar av information som skickas av en organisation till er dator och lagras p\u00e5 er h\u00e5rddisk f\u00f6r att webbplatsen ska kunna k\u00e4nna igen er n\u00e4r ni bes\u00f6ker den. De samlar in statistisk information om hur ni surfar och identifierar er inte som individer. Genom att forts\u00e4tta anv\u00e4nda denna webbplats samtycker ni till v\u00e5r anv\u00e4ndning av cookies.<\/p>\n<p>Det g\u00e5r att st\u00e4nga av cookies via webbl\u00e4sarinst\u00e4llningar.<\/p>\n<h3> <\/h3>\n<p><strong><span style=\"color: #223571;\">L\u00e4nkar till andra webbsidor<\/span><\/strong><\/p>\n<p>V\u00e5r webbsida kan inneh\u00e5lla l\u00e4nkar till andra webbplatser som drivs av andra organisationer. Denna integritetspolicy g\u00e4ller endast v\u00e5ra webbsidor. Vi uppmuntrar er att l\u00e4sa integritetspolicyn p\u00e5 de andra webbplatserna ni bes\u00f6ker. Vi kan inte h\u00e5llas ansvariga f\u00f6r andra webbplatsers integritetspolicyer och praxis \u00e4ven om ni n\u00e5r dem via l\u00e4nkar fr\u00e5n v\u00e5r webbplats.<\/p>\n<p>Dessutom kan vi inte h\u00e5llas ansvariga f\u00f6r integritetspolicyn och praxis som skapats av \u00e4garna och operat\u00f6rerna av en tredjeparts webbplats om ni l\u00e4nkade till v\u00e5r webbplats fr\u00e5n s\u00e5dan tredjeparts webbplats. Vi rekommenderar att ni kontrollerar policyerna f\u00f6r dessa tredjeparts webbplatser.<\/p>\n<p><strong><span style=\"color: #223571;\">Granskning av denna policy<\/span><\/strong><\/p>\n<p>Vi granskar regelbundet denna policy. Denna policy uppdaterade senast den 4 november 2021<\/p>\n\t\t\t\t\t\t\t\t<\/div>\n\t\t\t\t<\/div>\n\t\t\t\t\t<\/div>\n\t\t<\/div>\n\t\t\t\t\t<\/div>\n\t\t<\/section>\n\t\t\t\t<section class=\"elementor-section elementor-top-section elementor-element elementor-element-5db239f elementor-section-stretched drivethechange dsvy-col-stretched-none dsvy-bg-color-over-image elementor-section-boxed elementor-section-height-default elementor-section-height-default\" data-id=\"5db239f\" data-element_type=\"section\" data-e-type=\"section\" data-settings=\"{&quot;stretch_section&quot;:&quot;section-stretched&quot;,&quot;background_background&quot;:&quot;classic&quot;}\">\n\t\t\t\t\t\t<div class=\"elementor-container elementor-column-gap-default\">\n\t\t\t\t\t<div class=\"elementor-column elementor-col-100 elementor-top-column elementor-element elementor-element-58db84c dsvy-bg-color-over-image\" data-id=\"58db84c\" data-element_type=\"column\" data-e-type=\"column\">\n\t\t\t<div class=\"elementor-widget-wrap elementor-element-populated\">\n\t\t\t\t\t\t<div class=\"elementor-element elementor-element-67abc4c elementor-widget elementor-widget-spacer\" data-id=\"67abc4c\" data-element_type=\"widget\" data-e-type=\"widget\" data-widget_type=\"spacer.default\">\n\t\t\t\t<div class=\"elementor-widget-container\">\n\t\t\t\t\t\t\t<div class=\"elementor-spacer\">\n\t\t\t<div class=\"elementor-spacer-inner\"><\/div>\n\t\t<\/div>\n\t\t\t\t\t\t<\/div>\n\t\t\t\t<\/div>\n\t\t\t\t\t<\/div>\n\t\t<\/div>\n\t\t\t\t\t<\/div>\n\t\t<\/section>\n\t\t\t\t<\/div>\n\t\t","protected":false},"excerpt":{"rendered":"<p>IDHAMMAR SEKRETESSPOLICY Allm\u00e4nna dataskyddsf\u00f6rordningen 2018 Idhammar Systems har \u00e5tagit sig att skydda och respektera er integritet online. Denna policy f\u00f6rklarar n\u00e4r och varf\u00f6r vi samlar in personlig information om personer som bes\u00f6ker v\u00e5r webbplats, hur vi anv\u00e4nder den, under vilka villkor vi kan avsl\u00f6ja den f\u00f6r andra och hur vi h\u00e5ller den s\u00e4ker. Vi kan komma att \u00e4ndra denna policy emellan\u00e5t, s\u00e5 se till att kontrollera den h\u00e4r sidan med[&hellip;]<\/p>\n","protected":false},"author":35,"featured_media":0,"parent":0,"menu_order":4,"comment_status":"closed","ping_status":"closed","template":"elementor_header_footer","meta":{"_acf_changed":false,"inline_featured_image":false,"footnotes":""},"class_list":["post-11301","page","type-page","status-publish","hentry"],"acf":[],"yoast_head":"<!-- This site is optimized with the Yoast SEO plugin v27.4 - https:\/\/yoast.com\/product\/yoast-seo-wordpress\/ -->\n<title>Sekretesspolicy - Idhammar Systems<\/title>\n<meta name=\"description\" content=\"ALLM\u00c4NNA DATASKYDDSF\u00d6RORDNINGEN 2018\" \/>\n<meta name=\"robots\" content=\"index, follow, max-snippet:-1, max-image-preview:large, max-video-preview:-1\" \/>\n<link rel=\"canonical\" href=\"https:\/\/www.idhammarsystems.com\/sv\/sekretesspolicy\/\" \/>\n<meta property=\"og:locale\" content=\"sv_SE\" \/>\n<meta property=\"og:type\" content=\"article\" \/>\n<meta property=\"og:title\" content=\"Sekretesspolicy - Idhammar Systems\" \/>\n<meta property=\"og:description\" content=\"ALLM\u00c4NNA DATASKYDDSF\u00d6RORDNINGEN 2018\" \/>\n<meta property=\"og:url\" content=\"https:\/\/www.idhammarsystems.com\/sv\/sekretesspolicy\/\" \/>\n<meta property=\"og:site_name\" content=\"Idhammar Systems\" \/>\n<meta property=\"article:modified_time\" content=\"2023-05-26T06:50:32+00:00\" \/>\n<meta property=\"og:image\" content=\"https:\/\/www.idhammarsystems.com\/wp-content\/uploads\/2023\/05\/Ny-logga.png\" \/>\n\t<meta property=\"og:image:width\" content=\"691\" \/>\n\t<meta property=\"og:image:height\" content=\"139\" \/>\n\t<meta property=\"og:image:type\" content=\"image\/png\" \/>\n<meta name=\"twitter:card\" content=\"summary_large_image\" \/>\n<meta name=\"twitter:label1\" content=\"Ber\u00e4knad l\u00e4stid\" \/>\n\t<meta name=\"twitter:data1\" content=\"4 minuter\" \/>\n<script type=\"application\/ld+json\" class=\"yoast-schema-graph\">{\"@context\":\"https:\\\/\\\/schema.org\",\"@graph\":[{\"@type\":\"WebPage\",\"@id\":\"https:\\\/\\\/www.idhammarsystems.com\\\/sv\\\/sekretesspolicy\\\/\",\"url\":\"https:\\\/\\\/www.idhammarsystems.com\\\/sv\\\/sekretesspolicy\\\/\",\"name\":\"Sekretesspolicy - Idhammar Systems\",\"isPartOf\":{\"@id\":\"https:\\\/\\\/www.idhammarsystems.com\\\/sv\\\/#website\"},\"datePublished\":\"2022-10-20T13:01:43+00:00\",\"dateModified\":\"2023-05-26T06:50:32+00:00\",\"description\":\"ALLM\u00c4NNA DATASKYDDSF\u00d6RORDNINGEN 2018\",\"breadcrumb\":{\"@id\":\"https:\\\/\\\/www.idhammarsystems.com\\\/sv\\\/sekretesspolicy\\\/#breadcrumb\"},\"inLanguage\":\"sv-SE\",\"potentialAction\":[{\"@type\":\"ReadAction\",\"target\":[\"https:\\\/\\\/www.idhammarsystems.com\\\/sv\\\/sekretesspolicy\\\/\"]}]},{\"@type\":\"BreadcrumbList\",\"@id\":\"https:\\\/\\\/www.idhammarsystems.com\\\/sv\\\/sekretesspolicy\\\/#breadcrumb\",\"itemListElement\":[{\"@type\":\"ListItem\",\"position\":1,\"name\":\"Home\",\"item\":\"https:\\\/\\\/www.idhammarsystems.com\\\/sv\\\/\"},{\"@type\":\"ListItem\",\"position\":2,\"name\":\"Sekretesspolicy\"}]},{\"@type\":\"WebSite\",\"@id\":\"https:\\\/\\\/www.idhammarsystems.com\\\/sv\\\/#website\",\"url\":\"https:\\\/\\\/www.idhammarsystems.com\\\/sv\\\/\",\"name\":\"Idhammar Systems\",\"description\":\"Empowering maintenance and asset management\",\"potentialAction\":[{\"@type\":\"SearchAction\",\"target\":{\"@type\":\"EntryPoint\",\"urlTemplate\":\"https:\\\/\\\/www.idhammarsystems.com\\\/sv\\\/?s={search_term_string}\"},\"query-input\":{\"@type\":\"PropertyValueSpecification\",\"valueRequired\":true,\"valueName\":\"search_term_string\"}}],\"inLanguage\":\"sv-SE\"}]}<\/script>\n<!-- \/ Yoast SEO plugin. -->","yoast_head_json":{"title":"Sekretesspolicy - Idhammar Systems","description":"ALLM\u00c4NNA DATASKYDDSF\u00d6RORDNINGEN 2018","robots":{"index":"index","follow":"follow","max-snippet":"max-snippet:-1","max-image-preview":"max-image-preview:large","max-video-preview":"max-video-preview:-1"},"canonical":"https:\/\/www.idhammarsystems.com\/sv\/sekretesspolicy\/","og_locale":"sv_SE","og_type":"article","og_title":"Sekretesspolicy - Idhammar Systems","og_description":"ALLM\u00c4NNA DATASKYDDSF\u00d6RORDNINGEN 2018","og_url":"https:\/\/www.idhammarsystems.com\/sv\/sekretesspolicy\/","og_site_name":"Idhammar Systems","article_modified_time":"2023-05-26T06:50:32+00:00","og_image":[{"width":691,"height":139,"url":"https:\/\/www.idhammarsystems.com\/wp-content\/uploads\/2023\/05\/Ny-logga.png","type":"image\/png"}],"twitter_card":"summary_large_image","twitter_misc":{"Ber\u00e4knad l\u00e4stid":"4 minuter"},"schema":{"@context":"https:\/\/schema.org","@graph":[{"@type":"WebPage","@id":"https:\/\/www.idhammarsystems.com\/sv\/sekretesspolicy\/","url":"https:\/\/www.idhammarsystems.com\/sv\/sekretesspolicy\/","name":"Sekretesspolicy - Idhammar Systems","isPartOf":{"@id":"https:\/\/www.idhammarsystems.com\/sv\/#website"},"datePublished":"2022-10-20T13:01:43+00:00","dateModified":"2023-05-26T06:50:32+00:00","description":"ALLM\u00c4NNA DATASKYDDSF\u00d6RORDNINGEN 2018","breadcrumb":{"@id":"https:\/\/www.idhammarsystems.com\/sv\/sekretesspolicy\/#breadcrumb"},"inLanguage":"sv-SE","potentialAction":[{"@type":"ReadAction","target":["https:\/\/www.idhammarsystems.com\/sv\/sekretesspolicy\/"]}]},{"@type":"BreadcrumbList","@id":"https:\/\/www.idhammarsystems.com\/sv\/sekretesspolicy\/#breadcrumb","itemListElement":[{"@type":"ListItem","position":1,"name":"Home","item":"https:\/\/www.idhammarsystems.com\/sv\/"},{"@type":"ListItem","position":2,"name":"Sekretesspolicy"}]},{"@type":"WebSite","@id":"https:\/\/www.idhammarsystems.com\/sv\/#website","url":"https:\/\/www.idhammarsystems.com\/sv\/","name":"Idhammar Systems","description":"Empowering maintenance and asset management","potentialAction":[{"@type":"SearchAction","target":{"@type":"EntryPoint","urlTemplate":"https:\/\/www.idhammarsystems.com\/sv\/?s={search_term_string}"},"query-input":{"@type":"PropertyValueSpecification","valueRequired":true,"valueName":"search_term_string"}}],"inLanguage":"sv-SE"}]}},"_links":{"self":[{"href":"https:\/\/www.idhammarsystems.com\/sv\/wp-json\/wp\/v2\/pages\/11301","targetHints":{"allow":["GET"]}}],"collection":[{"href":"https:\/\/www.idhammarsystems.com\/sv\/wp-json\/wp\/v2\/pages"}],"about":[{"href":"https:\/\/www.idhammarsystems.com\/sv\/wp-json\/wp\/v2\/types\/page"}],"author":[{"embeddable":true,"href":"https:\/\/www.idhammarsystems.com\/sv\/wp-json\/wp\/v2\/users\/35"}],"replies":[{"embeddable":true,"href":"https:\/\/www.idhammarsystems.com\/sv\/wp-json\/wp\/v2\/comments?post=11301"}],"version-history":[{"count":0,"href":"https:\/\/www.idhammarsystems.com\/sv\/wp-json\/wp\/v2\/pages\/11301\/revisions"}],"wp:attachment":[{"href":"https:\/\/www.idhammarsystems.com\/sv\/wp-json\/wp\/v2\/media?parent=11301"}],"curies":[{"name":"wp","href":"https:\/\/api.w.org\/{rel}","templated":true}]}}