{"id":11269,"date":"2022-10-26T11:29:05","date_gmt":"2022-10-26T11:29:05","guid":{"rendered":"https:\/\/www.idhammarsystems.com\/nyheter\/"},"modified":"2023-04-24T11:07:17","modified_gmt":"2023-04-24T11:07:17","slug":"nyheter","status":"publish","type":"page","link":"https:\/\/www.idhammarsystems.com\/sv\/nyheter\/","title":{"rendered":"Nyheter"},"content":{"rendered":"<div style=\"margin-top: 0px; margin-bottom: 0px;\" class=\"sharethis-inline-share-buttons\" ><\/div>\t\t<div data-elementor-type=\"wp-page\" data-elementor-id=\"11269\" class=\"elementor elementor-11269 elementor-10519\" data-elementor-post-type=\"page\">\n\t\t\t\t\t\t<section class=\"elementor-section elementor-top-section elementor-element elementor-element-1b6042e elementor-section-stretched dsvy-col-stretched-none dsvy-bg-color-over-image elementor-section-boxed elementor-section-height-default elementor-section-height-default\" data-id=\"1b6042e\" data-element_type=\"section\" data-e-type=\"section\" data-settings=\"{&quot;stretch_section&quot;:&quot;section-stretched&quot;,&quot;background_background&quot;:&quot;classic&quot;}\">\n\t\t\t\t\t\t<div class=\"elementor-container elementor-column-gap-default\">\n\t\t\t\t\t<div class=\"elementor-column elementor-col-100 elementor-top-column elementor-element elementor-element-a0b5be3 dsvy-bg-color-over-image\" data-id=\"a0b5be3\" data-element_type=\"column\" data-e-type=\"column\">\n\t\t\t<div class=\"elementor-widget-wrap elementor-element-populated\">\n\t\t\t\t\t\t<div class=\"elementor-element elementor-element-3996877 elementor-grid-4 elementor-grid-tablet-2 elementor-grid-mobile-1 elementor-posts--thumbnail-top elementor-card-shadow-yes elementor-posts__hover-gradient elementor-widget elementor-widget-posts\" data-id=\"3996877\" data-element_type=\"widget\" data-e-type=\"widget\" data-settings=\"{&quot;cards_columns&quot;:&quot;4&quot;,&quot;cards_columns_tablet&quot;:&quot;2&quot;,&quot;cards_columns_mobile&quot;:&quot;1&quot;,&quot;cards_row_gap&quot;:{&quot;unit&quot;:&quot;px&quot;,&quot;size&quot;:35,&quot;sizes&quot;:[]},&quot;cards_row_gap_tablet&quot;:{&quot;unit&quot;:&quot;px&quot;,&quot;size&quot;:&quot;&quot;,&quot;sizes&quot;:[]},&quot;cards_row_gap_mobile&quot;:{&quot;unit&quot;:&quot;px&quot;,&quot;size&quot;:&quot;&quot;,&quot;sizes&quot;:[]}}\" data-widget_type=\"posts.cards\">\n\t\t\t\t<div class=\"elementor-widget-container\">\n\t\t\t\t\t\t\t<div class=\"elementor-posts-container elementor-posts elementor-posts--skin-cards elementor-grid\" role=\"list\">\n\t\t\t\t<article class=\"elementor-post elementor-grid-item post-11305 post type-post status-publish format-standard has-post-thumbnail hentry category-okategoriserad tag-idhammar-services-sv\" role=\"listitem\">\n\t\t\t<div class=\"elementor-post__card\">\n\t\t\t\t<a class=\"elementor-post__thumbnail__link\" href=\"https:\/\/www.idhammarsystems.com\/sv\/lansering-av-ny-tjanst-idhammar-kunskapsbas\/\" tabindex=\"-1\" ><div class=\"elementor-post__thumbnail\"><img fetchpriority=\"high\" decoding=\"async\" width=\"300\" height=\"199\" src=\"https:\/\/www.idhammarsystems.com\/wp-content\/uploads\/2023\/01\/idhammar-news-001-300x199.jpg\" class=\"attachment-medium size-medium wp-image-11188\" alt=\"idhammar-news-001\" srcset=\"https:\/\/www.idhammarsystems.com\/wp-content\/uploads\/2023\/01\/idhammar-news-001-300x199.jpg 300w, https:\/\/www.idhammarsystems.com\/wp-content\/uploads\/2023\/01\/idhammar-news-001-1024x678.jpg 1024w, https:\/\/www.idhammarsystems.com\/wp-content\/uploads\/2023\/01\/idhammar-news-001-768x509.jpg 768w, https:\/\/www.idhammarsystems.com\/wp-content\/uploads\/2023\/01\/idhammar-news-001-1536x1017.jpg 1536w, https:\/\/www.idhammarsystems.com\/wp-content\/uploads\/2023\/01\/idhammar-news-001-770x510.jpg 770w, https:\/\/www.idhammarsystems.com\/wp-content\/uploads\/2023\/01\/idhammar-news-001.jpg 1570w\" sizes=\"(max-width: 300px) 100vw, 300px\" \/><\/div><\/a>\n\t\t\t\t<div class=\"elementor-post__text\">\n\t\t\t\t<h3 class=\"elementor-post__title\">\n\t\t\t<a href=\"https:\/\/www.idhammarsystems.com\/sv\/lansering-av-ny-tjanst-idhammar-kunskapsbas\/\" >\n\t\t\t\tLansering av ny tj\u00e4nst: Idhammar kunskapsbas\t\t\t<\/a>\n\t\t<\/h3>\n\t\t\n\t\t<a class=\"elementor-post__read-more\" href=\"https:\/\/www.idhammarsystems.com\/sv\/lansering-av-ny-tjanst-idhammar-kunskapsbas\/\" aria-label=\"L\u00e4s mer om Lansering av ny tj\u00e4nst: Idhammar kunskapsbas\" tabindex=\"-1\" >\n\t\t\tL\u00c4S MER \u00bb\t\t<\/a>\n\n\t\t\t\t<\/div>\n\t\t\t\t<div class=\"elementor-post__meta-data\">\n\t\t\t\t\t<span class=\"elementor-post-date\">\n\t\t\t1 oktober 2022\t\t<\/span>\n\t\t\t\t<span class=\"elementor-post-avatar\">\n\t\t\tInga kommentarer\t\t<\/span>\n\t\t\t\t<\/div>\n\t\t\t\t\t<\/div>\n\t\t<\/article>\n\t\t\t\t<article class=\"elementor-post elementor-grid-item post-11306 post type-post status-publish format-standard has-post-thumbnail hentry category-okategoriserad\" role=\"listitem\">\n\t\t\t<div class=\"elementor-post__card\">\n\t\t\t\t<a class=\"elementor-post__thumbnail__link\" href=\"https:\/\/www.idhammarsystems.com\/sv\/produktuppdatering-idhammar-meddelandemodul\/\" tabindex=\"-1\" ><div class=\"elementor-post__thumbnail\"><img decoding=\"async\" width=\"300\" height=\"199\" src=\"https:\/\/www.idhammarsystems.com\/wp-content\/uploads\/2023\/01\/idhammar-news-002-300x199.jpg\" class=\"attachment-medium size-medium wp-image-11189\" alt=\"\" srcset=\"https:\/\/www.idhammarsystems.com\/wp-content\/uploads\/2023\/01\/idhammar-news-002-300x199.jpg 300w, https:\/\/www.idhammarsystems.com\/wp-content\/uploads\/2023\/01\/idhammar-news-002-1024x678.jpg 1024w, https:\/\/www.idhammarsystems.com\/wp-content\/uploads\/2023\/01\/idhammar-news-002-768x509.jpg 768w, https:\/\/www.idhammarsystems.com\/wp-content\/uploads\/2023\/01\/idhammar-news-002-1536x1017.jpg 1536w, https:\/\/www.idhammarsystems.com\/wp-content\/uploads\/2023\/01\/idhammar-news-002-770x510.jpg 770w, https:\/\/www.idhammarsystems.com\/wp-content\/uploads\/2023\/01\/idhammar-news-002.jpg 1570w\" sizes=\"(max-width: 300px) 100vw, 300px\" \/><\/div><\/a>\n\t\t\t\t<div class=\"elementor-post__text\">\n\t\t\t\t<h3 class=\"elementor-post__title\">\n\t\t\t<a href=\"https:\/\/www.idhammarsystems.com\/sv\/produktuppdatering-idhammar-meddelandemodul\/\" >\n\t\t\t\tProduktuppdatering: Idhammar meddelandemodul\t\t\t<\/a>\n\t\t<\/h3>\n\t\t\n\t\t<a class=\"elementor-post__read-more\" href=\"https:\/\/www.idhammarsystems.com\/sv\/produktuppdatering-idhammar-meddelandemodul\/\" aria-label=\"L\u00e4s mer om Produktuppdatering: Idhammar meddelandemodul\" tabindex=\"-1\" >\n\t\t\tL\u00c4S MER \u00bb\t\t<\/a>\n\n\t\t\t\t<\/div>\n\t\t\t\t<div class=\"elementor-post__meta-data\">\n\t\t\t\t\t<span class=\"elementor-post-date\">\n\t\t\t28 november 2022\t\t<\/span>\n\t\t\t\t<span class=\"elementor-post-avatar\">\n\t\t\tInga kommentarer\t\t<\/span>\n\t\t\t\t<\/div>\n\t\t\t\t\t<\/div>\n\t\t<\/article>\n\t\t\t\t<article class=\"elementor-post elementor-grid-item post-11304 post type-post status-publish format-standard has-post-thumbnail hentry category-blogg tag-idhammar-services-sv tag-om-oss\" role=\"listitem\">\n\t\t\t<div class=\"elementor-post__card\">\n\t\t\t\t<a class=\"elementor-post__thumbnail__link\" href=\"https:\/\/www.idhammarsystems.com\/sv\/introduktion-av-idhammar-systems\/\" tabindex=\"-1\" ><div class=\"elementor-post__thumbnail\"><img decoding=\"async\" width=\"300\" height=\"199\" src=\"https:\/\/www.idhammarsystems.com\/wp-content\/uploads\/2023\/01\/idhammar-news-003-300x199.jpg\" class=\"attachment-medium size-medium wp-image-11190\" alt=\"\" srcset=\"https:\/\/www.idhammarsystems.com\/wp-content\/uploads\/2023\/01\/idhammar-news-003-300x199.jpg 300w, https:\/\/www.idhammarsystems.com\/wp-content\/uploads\/2023\/01\/idhammar-news-003-1024x678.jpg 1024w, https:\/\/www.idhammarsystems.com\/wp-content\/uploads\/2023\/01\/idhammar-news-003-768x509.jpg 768w, https:\/\/www.idhammarsystems.com\/wp-content\/uploads\/2023\/01\/idhammar-news-003-1536x1017.jpg 1536w, https:\/\/www.idhammarsystems.com\/wp-content\/uploads\/2023\/01\/idhammar-news-003-770x510.jpg 770w, https:\/\/www.idhammarsystems.com\/wp-content\/uploads\/2023\/01\/idhammar-news-003.jpg 1570w\" sizes=\"(max-width: 300px) 100vw, 300px\" \/><\/div><\/a>\n\t\t\t\t<div class=\"elementor-post__text\">\n\t\t\t\t<h3 class=\"elementor-post__title\">\n\t\t\t<a href=\"https:\/\/www.idhammarsystems.com\/sv\/introduktion-av-idhammar-systems\/\" >\n\t\t\t\tIntroduktion av Idhammar Systems\t\t\t<\/a>\n\t\t<\/h3>\n\t\t\n\t\t<a class=\"elementor-post__read-more\" href=\"https:\/\/www.idhammarsystems.com\/sv\/introduktion-av-idhammar-systems\/\" aria-label=\"L\u00e4s mer om Introduktion av Idhammar Systems\" tabindex=\"-1\" >\n\t\t\tL\u00c4S MER \u00bb\t\t<\/a>\n\n\t\t\t\t<\/div>\n\t\t\t\t<div class=\"elementor-post__meta-data\">\n\t\t\t\t\t<span class=\"elementor-post-date\">\n\t\t\t28 november 2022\t\t<\/span>\n\t\t\t\t<span class=\"elementor-post-avatar\">\n\t\t\tInga kommentarer\t\t<\/span>\n\t\t\t\t<\/div>\n\t\t\t\t\t<\/div>\n\t\t<\/article>\n\t\t\t\t<article class=\"elementor-post elementor-grid-item post-11307 post type-post status-publish format-standard has-post-thumbnail hentry category-blogg\" role=\"listitem\">\n\t\t\t<div class=\"elementor-post__card\">\n\t\t\t\t<a class=\"elementor-post__thumbnail__link\" href=\"https:\/\/www.idhammarsystems.com\/sv\/hur-ni-kan-dra-nytta-av-ett-molnbaserat-forradshanteringssystem\/\" tabindex=\"-1\" ><div class=\"elementor-post__thumbnail\"><img loading=\"lazy\" decoding=\"async\" width=\"300\" height=\"199\" src=\"https:\/\/www.idhammarsystems.com\/wp-content\/uploads\/2023\/01\/idhammar-news-004-300x199.jpg\" class=\"attachment-medium size-medium wp-image-11191\" alt=\"\" srcset=\"https:\/\/www.idhammarsystems.com\/wp-content\/uploads\/2023\/01\/idhammar-news-004-300x199.jpg 300w, https:\/\/www.idhammarsystems.com\/wp-content\/uploads\/2023\/01\/idhammar-news-004-1024x678.jpg 1024w, https:\/\/www.idhammarsystems.com\/wp-content\/uploads\/2023\/01\/idhammar-news-004-768x509.jpg 768w, https:\/\/www.idhammarsystems.com\/wp-content\/uploads\/2023\/01\/idhammar-news-004-1536x1017.jpg 1536w, https:\/\/www.idhammarsystems.com\/wp-content\/uploads\/2023\/01\/idhammar-news-004-770x510.jpg 770w, https:\/\/www.idhammarsystems.com\/wp-content\/uploads\/2023\/01\/idhammar-news-004.jpg 1570w\" sizes=\"(max-width: 300px) 100vw, 300px\" \/><\/div><\/a>\n\t\t\t\t<div class=\"elementor-post__text\">\n\t\t\t\t<h3 class=\"elementor-post__title\">\n\t\t\t<a href=\"https:\/\/www.idhammarsystems.com\/sv\/hur-ni-kan-dra-nytta-av-ett-molnbaserat-forradshanteringssystem\/\" >\n\t\t\t\tHur ni kan dra nytta av ett molnbaserat f\u00f6rr\u00e5dshanteringssystem\t\t\t<\/a>\n\t\t<\/h3>\n\t\t\n\t\t<a class=\"elementor-post__read-more\" href=\"https:\/\/www.idhammarsystems.com\/sv\/hur-ni-kan-dra-nytta-av-ett-molnbaserat-forradshanteringssystem\/\" aria-label=\"L\u00e4s mer om Hur ni kan dra nytta av ett molnbaserat f\u00f6rr\u00e5dshanteringssystem\" tabindex=\"-1\" >\n\t\t\tL\u00c4S MER \u00bb\t\t<\/a>\n\n\t\t\t\t<\/div>\n\t\t\t\t<div class=\"elementor-post__meta-data\">\n\t\t\t\t\t<span class=\"elementor-post-date\">\n\t\t\t28 november 2022\t\t<\/span>\n\t\t\t\t<span class=\"elementor-post-avatar\">\n\t\t\tInga kommentarer\t\t<\/span>\n\t\t\t\t<\/div>\n\t\t\t\t\t<\/div>\n\t\t<\/article>\n\t\t\t\t<\/div>\n\t\t\n\t\t\t\t\t\t<\/div>\n\t\t\t\t<\/div>\n\t\t\t\t\t<\/div>\n\t\t<\/div>\n\t\t\t\t\t<\/div>\n\t\t<\/section>\n\t\t\t\t<section class=\"elementor-section elementor-top-section elementor-element elementor-element-027f979 elementor-section-stretched elementor-hidden-desktop elementor-hidden-tablet elementor-hidden-mobile dsvy-col-stretched-none dsvy-bg-color-over-image elementor-section-boxed elementor-section-height-default elementor-section-height-default\" data-id=\"027f979\" data-element_type=\"section\" data-e-type=\"section\" data-settings=\"{&quot;stretch_section&quot;:&quot;section-stretched&quot;,&quot;background_background&quot;:&quot;gradient&quot;}\">\n\t\t\t\t\t\t\t<div class=\"elementor-background-overlay\"><\/div>\n\t\t\t\t\t\t\t<div class=\"elementor-container elementor-column-gap-default\">\n\t\t\t\t\t<div class=\"elementor-column elementor-col-50 elementor-top-column elementor-element elementor-element-4279a15 dsvy-bg-color-over-image\" data-id=\"4279a15\" data-element_type=\"column\" data-e-type=\"column\">\n\t\t\t<div class=\"elementor-widget-wrap\">\n\t\t\t\t\t\t\t<\/div>\n\t\t<\/div>\n\t\t\t\t<div class=\"elementor-column elementor-col-50 elementor-top-column elementor-element elementor-element-5872165 dsvy-bg-color-over-image\" data-id=\"5872165\" data-element_type=\"column\" data-e-type=\"column\">\n\t\t\t<div class=\"elementor-widget-wrap elementor-element-populated\">\n\t\t\t\t\t\t<div class=\"elementor-element elementor-element-f5f9377 dsvy-btn-shape-round elementor-align-right dsvy-btn-color-gradient elementor-mobile-align-left elementor-tablet-align-right dsvy-btn-style-flat elementor-widget elementor-widget-button\" data-id=\"f5f9377\" data-element_type=\"widget\" data-e-type=\"widget\" data-widget_type=\"button.default\">\n\t\t\t\t<div class=\"elementor-widget-container\">\n\t\t\t\t\t\t\t\t\t<div class=\"elementor-button-wrapper\">\n\t\t\t\t\t<a class=\"elementor-button elementor-button-link elementor-size-xs\" href=\"https:\/\/www.idhammarsystems.com\/contact-us\/\">\n\t\t\t\t\t\t<span class=\"elementor-button-content-wrapper\">\n\t\t\t\t\t\t\t\t\t<span class=\"elementor-button-text\">Kontakta v\u00e5rt konsultteam nu<\/span>\n\t\t\t\t\t<\/span>\n\t\t\t\t\t<\/a>\n\t\t\t\t<\/div>\n\t\t\t\t\t\t\t\t<\/div>\n\t\t\t\t<\/div>\n\t\t\t\t\t<\/div>\n\t\t<\/div>\n\t\t\t\t\t<\/div>\n\t\t<\/section>\n\t\t\t\t<section class=\"elementor-section elementor-top-section elementor-element elementor-element-5c175cd elementor-section-stretched drivethechange dsvy-col-stretched-none dsvy-bg-color-over-image elementor-section-boxed elementor-section-height-default elementor-section-height-default\" data-id=\"5c175cd\" data-element_type=\"section\" data-e-type=\"section\" data-settings=\"{&quot;stretch_section&quot;:&quot;section-stretched&quot;,&quot;background_background&quot;:&quot;classic&quot;}\">\n\t\t\t\t\t\t<div class=\"elementor-container elementor-column-gap-default\">\n\t\t\t\t\t<div class=\"elementor-column elementor-col-100 elementor-top-column elementor-element elementor-element-1316272 dsvy-bg-color-over-image\" data-id=\"1316272\" data-element_type=\"column\" data-e-type=\"column\">\n\t\t\t<div class=\"elementor-widget-wrap elementor-element-populated\">\n\t\t\t\t\t\t<div class=\"elementor-element elementor-element-570f383 elementor-widget elementor-widget-spacer\" data-id=\"570f383\" data-element_type=\"widget\" data-e-type=\"widget\" data-widget_type=\"spacer.default\">\n\t\t\t\t<div class=\"elementor-widget-container\">\n\t\t\t\t\t\t\t<div class=\"elementor-spacer\">\n\t\t\t<div class=\"elementor-spacer-inner\"><\/div>\n\t\t<\/div>\n\t\t\t\t\t\t<\/div>\n\t\t\t\t<\/div>\n\t\t\t\t\t<\/div>\n\t\t<\/div>\n\t\t\t\t\t<\/div>\n\t\t<\/section>\n\t\t\t\t<\/div>\n\t\t","protected":false},"excerpt":{"rendered":"<p>Kontakta v\u00e5rt konsultteam nu<\/p>\n","protected":false},"author":35,"featured_media":0,"parent":0,"menu_order":4,"comment_status":"closed","ping_status":"closed","template":"elementor_header_footer","meta":{"_acf_changed":false,"inline_featured_image":false,"footnotes":""},"class_list":["post-11269","page","type-page","status-publish","hentry"],"acf":[],"yoast_head":"<!-- This site is optimized with the Yoast SEO plugin v27.4 - https:\/\/yoast.com\/product\/yoast-seo-wordpress\/ -->\n<title>CMMS Nyheter | Idhammar Systems<\/title>\n<meta name=\"description\" content=\"Check out the CMMS news posts written by our team of experts for more insight into the latest industry trends and topics. Visit our page for more.\" \/>\n<meta name=\"robots\" content=\"index, follow, max-snippet:-1, max-image-preview:large, max-video-preview:-1\" \/>\n<link rel=\"canonical\" href=\"https:\/\/www.idhammarsystems.com\/sv\/nyheter\/\" \/>\n<meta property=\"og:locale\" content=\"sv_SE\" \/>\n<meta property=\"og:type\" content=\"article\" \/>\n<meta property=\"og:title\" content=\"CMMS Nyheter | Idhammar Systems\" \/>\n<meta property=\"og:description\" content=\"Check out the CMMS news posts written by our team of experts for more insight into the latest industry trends and topics. Visit our page for more.\" \/>\n<meta property=\"og:url\" content=\"https:\/\/www.idhammarsystems.com\/sv\/nyheter\/\" \/>\n<meta property=\"og:site_name\" content=\"Idhammar Systems\" \/>\n<meta property=\"article:modified_time\" content=\"2023-04-24T11:07:17+00:00\" \/>\n<meta property=\"og:image\" content=\"https:\/\/www.idhammarsystems.com\/wp-content\/uploads\/2023\/05\/Ny-logga.png\" \/>\n\t<meta property=\"og:image:width\" content=\"691\" \/>\n\t<meta property=\"og:image:height\" content=\"139\" \/>\n\t<meta property=\"og:image:type\" content=\"image\/png\" \/>\n<meta name=\"twitter:card\" content=\"summary_large_image\" \/>\n<meta name=\"twitter:label1\" content=\"Ber\u00e4knad l\u00e4stid\" \/>\n\t<meta name=\"twitter:data1\" content=\"1 minut\" \/>\n<script type=\"application\/ld+json\" class=\"yoast-schema-graph\">{\"@context\":\"https:\\\/\\\/schema.org\",\"@graph\":[{\"@type\":\"WebPage\",\"@id\":\"https:\\\/\\\/www.idhammarsystems.com\\\/sv\\\/nyheter\\\/\",\"url\":\"https:\\\/\\\/www.idhammarsystems.com\\\/sv\\\/nyheter\\\/\",\"name\":\"CMMS Nyheter | Idhammar Systems\",\"isPartOf\":{\"@id\":\"https:\\\/\\\/www.idhammarsystems.com\\\/sv\\\/#website\"},\"datePublished\":\"2022-10-26T11:29:05+00:00\",\"dateModified\":\"2023-04-24T11:07:17+00:00\",\"description\":\"Check out the CMMS news posts written by our team of experts for more insight into the latest industry trends and topics. Visit our page for more.\",\"breadcrumb\":{\"@id\":\"https:\\\/\\\/www.idhammarsystems.com\\\/sv\\\/nyheter\\\/#breadcrumb\"},\"inLanguage\":\"sv-SE\",\"potentialAction\":[{\"@type\":\"ReadAction\",\"target\":[\"https:\\\/\\\/www.idhammarsystems.com\\\/sv\\\/nyheter\\\/\"]}]},{\"@type\":\"BreadcrumbList\",\"@id\":\"https:\\\/\\\/www.idhammarsystems.com\\\/sv\\\/nyheter\\\/#breadcrumb\",\"itemListElement\":[{\"@type\":\"ListItem\",\"position\":1,\"name\":\"Home\",\"item\":\"https:\\\/\\\/www.idhammarsystems.com\\\/sv\\\/\"},{\"@type\":\"ListItem\",\"position\":2,\"name\":\"Nyheter\"}]},{\"@type\":\"WebSite\",\"@id\":\"https:\\\/\\\/www.idhammarsystems.com\\\/sv\\\/#website\",\"url\":\"https:\\\/\\\/www.idhammarsystems.com\\\/sv\\\/\",\"name\":\"Idhammar Systems\",\"description\":\"Empowering maintenance and asset management\",\"potentialAction\":[{\"@type\":\"SearchAction\",\"target\":{\"@type\":\"EntryPoint\",\"urlTemplate\":\"https:\\\/\\\/www.idhammarsystems.com\\\/sv\\\/?s={search_term_string}\"},\"query-input\":{\"@type\":\"PropertyValueSpecification\",\"valueRequired\":true,\"valueName\":\"search_term_string\"}}],\"inLanguage\":\"sv-SE\"}]}<\/script>\n<!-- \/ Yoast SEO plugin. -->","yoast_head_json":{"title":"CMMS Nyheter | Idhammar Systems","description":"Check out the CMMS news posts written by our team of experts for more insight into the latest industry trends and topics. Visit our page for more.","robots":{"index":"index","follow":"follow","max-snippet":"max-snippet:-1","max-image-preview":"max-image-preview:large","max-video-preview":"max-video-preview:-1"},"canonical":"https:\/\/www.idhammarsystems.com\/sv\/nyheter\/","og_locale":"sv_SE","og_type":"article","og_title":"CMMS Nyheter | Idhammar Systems","og_description":"Check out the CMMS news posts written by our team of experts for more insight into the latest industry trends and topics. Visit our page for more.","og_url":"https:\/\/www.idhammarsystems.com\/sv\/nyheter\/","og_site_name":"Idhammar Systems","article_modified_time":"2023-04-24T11:07:17+00:00","og_image":[{"width":691,"height":139,"url":"https:\/\/www.idhammarsystems.com\/wp-content\/uploads\/2023\/05\/Ny-logga.png","type":"image\/png"}],"twitter_card":"summary_large_image","twitter_misc":{"Ber\u00e4knad l\u00e4stid":"1 minut"},"schema":{"@context":"https:\/\/schema.org","@graph":[{"@type":"WebPage","@id":"https:\/\/www.idhammarsystems.com\/sv\/nyheter\/","url":"https:\/\/www.idhammarsystems.com\/sv\/nyheter\/","name":"CMMS Nyheter | Idhammar Systems","isPartOf":{"@id":"https:\/\/www.idhammarsystems.com\/sv\/#website"},"datePublished":"2022-10-26T11:29:05+00:00","dateModified":"2023-04-24T11:07:17+00:00","description":"Check out the CMMS news posts written by our team of experts for more insight into the latest industry trends and topics. Visit our page for more.","breadcrumb":{"@id":"https:\/\/www.idhammarsystems.com\/sv\/nyheter\/#breadcrumb"},"inLanguage":"sv-SE","potentialAction":[{"@type":"ReadAction","target":["https:\/\/www.idhammarsystems.com\/sv\/nyheter\/"]}]},{"@type":"BreadcrumbList","@id":"https:\/\/www.idhammarsystems.com\/sv\/nyheter\/#breadcrumb","itemListElement":[{"@type":"ListItem","position":1,"name":"Home","item":"https:\/\/www.idhammarsystems.com\/sv\/"},{"@type":"ListItem","position":2,"name":"Nyheter"}]},{"@type":"WebSite","@id":"https:\/\/www.idhammarsystems.com\/sv\/#website","url":"https:\/\/www.idhammarsystems.com\/sv\/","name":"Idhammar Systems","description":"Empowering maintenance and asset management","potentialAction":[{"@type":"SearchAction","target":{"@type":"EntryPoint","urlTemplate":"https:\/\/www.idhammarsystems.com\/sv\/?s={search_term_string}"},"query-input":{"@type":"PropertyValueSpecification","valueRequired":true,"valueName":"search_term_string"}}],"inLanguage":"sv-SE"}]}},"_links":{"self":[{"href":"https:\/\/www.idhammarsystems.com\/sv\/wp-json\/wp\/v2\/pages\/11269","targetHints":{"allow":["GET"]}}],"collection":[{"href":"https:\/\/www.idhammarsystems.com\/sv\/wp-json\/wp\/v2\/pages"}],"about":[{"href":"https:\/\/www.idhammarsystems.com\/sv\/wp-json\/wp\/v2\/types\/page"}],"author":[{"embeddable":true,"href":"https:\/\/www.idhammarsystems.com\/sv\/wp-json\/wp\/v2\/users\/35"}],"replies":[{"embeddable":true,"href":"https:\/\/www.idhammarsystems.com\/sv\/wp-json\/wp\/v2\/comments?post=11269"}],"version-history":[{"count":0,"href":"https:\/\/www.idhammarsystems.com\/sv\/wp-json\/wp\/v2\/pages\/11269\/revisions"}],"wp:attachment":[{"href":"https:\/\/www.idhammarsystems.com\/sv\/wp-json\/wp\/v2\/media?parent=11269"}],"curies":[{"name":"wp","href":"https:\/\/api.w.org\/{rel}","templated":true}]}}