{"id":11215,"date":"2018-09-12T06:15:32","date_gmt":"2018-09-12T06:15:32","guid":{"rendered":"https:\/\/www.idhammarsystems.com\/kontakta-oss\/"},"modified":"2025-01-09T15:45:54","modified_gmt":"2025-01-09T15:45:54","slug":"kontakta-oss","status":"publish","type":"page","link":"https:\/\/www.idhammarsystems.com\/sv\/kontakta-oss\/","title":{"rendered":"Kontakta Oss"},"content":{"rendered":"\t\t<div data-elementor-type=\"wp-page\" data-elementor-id=\"11215\" class=\"elementor elementor-11215 elementor-5\" data-elementor-post-type=\"page\">\n\t\t\t\t\t\t<section class=\"elementor-section elementor-top-section elementor-element elementor-element-42983a6b elementor-section-stretched dsvy-col-stretched-none dsvy-bg-color-over-image elementor-section-boxed elementor-section-height-default elementor-section-height-default\" data-id=\"42983a6b\" data-element_type=\"section\" data-e-type=\"section\" data-settings=\"{&quot;stretch_section&quot;:&quot;section-stretched&quot;,&quot;background_background&quot;:&quot;classic&quot;}\">\n\t\t\t\t\t\t\t<div class=\"elementor-background-overlay\"><\/div>\n\t\t\t\t\t\t\t<div class=\"elementor-container elementor-column-gap-default\">\n\t\t\t\t\t<div class=\"elementor-column elementor-col-50 elementor-top-column elementor-element elementor-element-33effb00 dsvy-bg-color-over-image\" data-id=\"33effb00\" data-element_type=\"column\" data-e-type=\"column\">\n\t\t\t<div class=\"elementor-widget-wrap elementor-element-populated\">\n\t\t\t\t\t\t<div class=\"elementor-element elementor-element-cb7cc57 elementor-widget elementor-widget-heading\" data-id=\"cb7cc57\" data-element_type=\"widget\" data-e-type=\"widget\" data-widget_type=\"heading.default\">\n\t\t\t\t<div class=\"elementor-widget-container\">\n\t\t\t\t\t<h1 class=\"elementor-heading-title elementor-size-default\">Kontakt<\/h1>\t\t\t\t<\/div>\n\t\t\t\t<\/div>\n\t\t\t\t<div class=\"elementor-element elementor-element-518a74c elementor-widget-divider--view-line elementor-widget elementor-widget-divider\" data-id=\"518a74c\" data-element_type=\"widget\" data-e-type=\"widget\" data-widget_type=\"divider.default\">\n\t\t\t\t<div class=\"elementor-widget-container\">\n\t\t\t\t\t\t\t<div class=\"elementor-divider\">\n\t\t\t<span class=\"elementor-divider-separator\">\n\t\t\t\t\t\t<\/span>\n\t\t<\/div>\n\t\t\t\t\t\t<\/div>\n\t\t\t\t<\/div>\n\t\t\t\t<div class=\"elementor-element elementor-element-b156cbb elementor-widget elementor-widget-text-editor\" data-id=\"b156cbb\" data-element_type=\"widget\" data-e-type=\"widget\" data-widget_type=\"text-editor.default\">\n\t\t\t\t<div class=\"elementor-widget-container\">\n\t\t\t\t\t\t\t\t\t<p>Vi finns h\u00e4r f\u00f6r att hj\u00e4lpa er oavsett var ni befinner er p\u00e5 er resa mot datacenterade f\u00f6rb\u00e4ttringar inom anl\u00e4ggningsunderh\u00e5ll.<\/p>\n\t\t\t\t\t\t\t\t<\/div>\n\t\t\t\t<\/div>\n\t\t\t\t<div class=\"elementor-element elementor-element-3860c95 elementor-widget elementor-widget-heading\" data-id=\"3860c95\" data-element_type=\"widget\" data-e-type=\"widget\" data-widget_type=\"heading.default\">\n\t\t\t\t<div class=\"elementor-widget-container\">\n\t\t\t\t\t<h2 class=\"elementor-heading-title elementor-size-default\">Ta hj\u00e4lp av v\u00e5ra konsulter<\/h2>\t\t\t\t<\/div>\n\t\t\t\t<\/div>\n\t\t\t\t<div class=\"elementor-element elementor-element-200f9a9 elementor-widget elementor-widget-text-editor\" data-id=\"200f9a9\" data-element_type=\"widget\" data-e-type=\"widget\" data-widget_type=\"text-editor.default\">\n\t\t\t\t<div class=\"elementor-widget-container\">\n\t\t\t\t\t\t\t\t\t<p>Vi guidar er genom varje steg av processen, varje funktion som v\u00e5r programvara erbjuder, och varje m\u00f6jlighet att utnyttja data f\u00f6r samarbete, insikter och proaktivt arbete. Vi garanterar att ni f\u00e5r ut det mesta fr\u00e5n Idhammar Systems.<\/p>\n\t\t\t\t\t\t\t\t<\/div>\n\t\t\t\t<\/div>\n\t\t\t\t<div class=\"elementor-element elementor-element-29420e0 elementor-widget elementor-widget-heading\" data-id=\"29420e0\" data-element_type=\"widget\" data-e-type=\"widget\" data-widget_type=\"heading.default\">\n\t\t\t\t<div class=\"elementor-widget-container\">\n\t\t\t\t\t<h2 class=\"elementor-heading-title elementor-size-default\">Inga krav | Ingen h\u00e5rd f\u00f6rs\u00e4ljning | Inga p\u00e5tryckningar<\/h2>\t\t\t\t<\/div>\n\t\t\t\t<\/div>\n\t\t\t\t<div class=\"elementor-element elementor-element-a06246b elementor-widget elementor-widget-text-editor\" data-id=\"a06246b\" data-element_type=\"widget\" data-e-type=\"widget\" data-widget_type=\"text-editor.default\">\n\t\t\t\t<div class=\"elementor-widget-container\">\n\t\t\t\t\t\t\t\t\t<p>V\u00e5r uppgift \u00e4r att hj\u00e4lpa er att f\u00f6rst\u00e5 den fulla nyttan med digital transformation. Vi rekommenderar det som \u00e4r r\u00e4tt f\u00f6r just er verksamhet \u2013 d\u00e4r s\u00e4kerhet, kostnader och produktivitet\/effektivitet kan f\u00f6rb\u00e4ttras, och d\u00e4r medarbetare kan utf\u00f6ra sina jobb mer effektivt.<\/p>\n\t\t\t\t\t\t\t\t<\/div>\n\t\t\t\t<\/div>\n\t\t\t\t<div class=\"elementor-element elementor-element-5e98d94 elementor-widget elementor-widget-heading\" data-id=\"5e98d94\" data-element_type=\"widget\" data-e-type=\"widget\" data-widget_type=\"heading.default\">\n\t\t\t\t<div class=\"elementor-widget-container\">\n\t\t\t\t\t<h2 class=\"elementor-heading-title elementor-size-default\">Fyll bara i formul\u00e4ret och klicka p\u00e5 skicka, s\u00e5 h\u00f6rs vi snart.<\/h2>\t\t\t\t<\/div>\n\t\t\t\t<\/div>\n\t\t\t\t<div class=\"elementor-element elementor-element-8916ce7 elementor-widget-divider--view-line elementor-widget elementor-widget-divider\" data-id=\"8916ce7\" data-element_type=\"widget\" data-e-type=\"widget\" data-widget_type=\"divider.default\">\n\t\t\t\t<div class=\"elementor-widget-container\">\n\t\t\t\t\t\t\t<div class=\"elementor-divider\">\n\t\t\t<span class=\"elementor-divider-separator\">\n\t\t\t\t\t\t<\/span>\n\t\t<\/div>\n\t\t\t\t\t\t<\/div>\n\t\t\t\t<\/div>\n\t\t\t\t\t<\/div>\n\t\t<\/div>\n\t\t\t\t<div class=\"elementor-column elementor-col-50 elementor-top-column elementor-element elementor-element-d54afd4 dsvy-bg-color-over-image\" data-id=\"d54afd4\" data-element_type=\"column\" data-e-type=\"column\" data-settings=\"{&quot;background_background&quot;:&quot;classic&quot;}\">\n\t\t\t<div class=\"elementor-widget-wrap elementor-element-populated\">\n\t\t\t\t\t\t<div class=\"elementor-element elementor-element-0667857 elementor-widget elementor-widget-shortcode\" data-id=\"0667857\" data-element_type=\"widget\" data-e-type=\"widget\" data-widget_type=\"shortcode.default\">\n\t\t\t\t<div class=\"elementor-widget-container\">\n\t\t\t\t\t\t\t<div class=\"elementor-shortcode\"><p class=\"wpcf7-contact-form-not-found\"><strong>Error:<\/strong> Contact form not found.<\/p><\/div>\n\t\t\t\t\t\t<\/div>\n\t\t\t\t<\/div>\n\t\t\t\t\t<\/div>\n\t\t<\/div>\n\t\t\t\t\t<\/div>\n\t\t<\/section>\n\t\t\t\t<section class=\"elementor-section elementor-top-section elementor-element elementor-element-aa38750 elementor-section-stretched dsvy-col-stretched-none dsvy-bg-color-over-image elementor-section-boxed elementor-section-height-default elementor-section-height-default\" data-id=\"aa38750\" data-element_type=\"section\" data-e-type=\"section\" data-settings=\"{&quot;stretch_section&quot;:&quot;section-stretched&quot;,&quot;background_background&quot;:&quot;gradient&quot;}\">\n\t\t\t\t\t\t\t<div class=\"elementor-background-overlay\"><\/div>\n\t\t\t\t\t\t\t<div class=\"elementor-container elementor-column-gap-default\">\n\t\t\t\t\t<div class=\"elementor-column elementor-col-33 elementor-top-column elementor-element elementor-element-0294992 dsvy-bg-color-over-image\" data-id=\"0294992\" data-element_type=\"column\" data-e-type=\"column\">\n\t\t\t<div class=\"elementor-widget-wrap elementor-element-populated\">\n\t\t\t\t\t\t<div class=\"elementor-element elementor-element-d007e1a elementor-widget elementor-widget-heading\" data-id=\"d007e1a\" data-element_type=\"widget\" data-e-type=\"widget\" data-widget_type=\"heading.default\">\n\t\t\t\t<div class=\"elementor-widget-container\">\n\t\t\t\t\t<h2 class=\"elementor-heading-title elementor-size-default\">Allm\u00e4nna f\u00f6rfr\u00e5gningar<\/h2>\t\t\t\t<\/div>\n\t\t\t\t<\/div>\n\t\t\t\t<div class=\"elementor-element elementor-element-bf50acd elementor-widget-divider--view-line elementor-widget elementor-widget-divider\" data-id=\"bf50acd\" data-element_type=\"widget\" data-e-type=\"widget\" data-widget_type=\"divider.default\">\n\t\t\t\t<div class=\"elementor-widget-container\">\n\t\t\t\t\t\t\t<div class=\"elementor-divider\">\n\t\t\t<span class=\"elementor-divider-separator\">\n\t\t\t\t\t\t<\/span>\n\t\t<\/div>\n\t\t\t\t\t\t<\/div>\n\t\t\t\t<\/div>\n\t\t\t\t<div class=\"elementor-element elementor-element-7deae82 elementor-widget elementor-widget-text-editor\" data-id=\"7deae82\" data-element_type=\"widget\" data-e-type=\"widget\" data-widget_type=\"text-editor.default\">\n\t\t\t\t<div class=\"elementor-widget-container\">\n\t\t\t\t\t\t\t\t\tTelefonnummer: +44 (0)7741 292 646\n<br>\nEpostadress: <u><a href=\"mailto:info@idhammarsystems.com?subject=General%20Enquiry%20from%20Idhammar%20site\">info@idhammarsystems.com<\/a><\/u>\n<br>\nF\u00f6rs\u00e4ljningsmail:\u00a0<u><a href=\"mailto:sales@idhammarsystems.com?subject=Sales%20Enquiry%20from%20Idhammar%20site\">sales@idhammarsystems.com<\/a><\/u>\n<br>\n<br>\nSpaces Bristol Castle Park, Programme,\n<br>\nThe Pithay, Bristol BS1 2NB\t\t\t\t\t\t\t\t<\/div>\n\t\t\t\t<\/div>\n\t\t\t\t\t<\/div>\n\t\t<\/div>\n\t\t\t\t<div class=\"elementor-column elementor-col-33 elementor-top-column elementor-element elementor-element-a6d40ec dsvy-bg-color-over-image\" data-id=\"a6d40ec\" data-element_type=\"column\" data-e-type=\"column\">\n\t\t\t<div class=\"elementor-widget-wrap elementor-element-populated\">\n\t\t\t\t\t\t<div class=\"elementor-element elementor-element-e73f59a elementor-widget elementor-widget-heading\" data-id=\"e73f59a\" data-element_type=\"widget\" data-e-type=\"widget\" data-widget_type=\"heading.default\">\n\t\t\t\t<div class=\"elementor-widget-container\">\n\t\t\t\t\t<h2 class=\"elementor-heading-title elementor-size-default\">S\u00e4ljkontakter<\/h2>\t\t\t\t<\/div>\n\t\t\t\t<\/div>\n\t\t\t\t<div class=\"elementor-element elementor-element-fd7823c elementor-widget-divider--view-line elementor-widget elementor-widget-divider\" data-id=\"fd7823c\" data-element_type=\"widget\" data-e-type=\"widget\" data-widget_type=\"divider.default\">\n\t\t\t\t<div class=\"elementor-widget-container\">\n\t\t\t\t\t\t\t<div class=\"elementor-divider\">\n\t\t\t<span class=\"elementor-divider-separator\">\n\t\t\t\t\t\t<\/span>\n\t\t<\/div>\n\t\t\t\t\t\t<\/div>\n\t\t\t\t<\/div>\n\t\t\t\t<div class=\"elementor-element elementor-element-26f823a elementor-widget elementor-widget-text-editor\" data-id=\"26f823a\" data-element_type=\"widget\" data-e-type=\"widget\" data-widget_type=\"text-editor.default\">\n\t\t\t\t<div class=\"elementor-widget-container\">\n\t\t\t\t\t\t\t\t\t<p>Kyle Noon<\/p><p>Telefonnummer: +44 (0)7826 357 143<\/p><p>Epostadress:\u00a0<u><a href=\"mailto:kyle.noon@idhammarsystems.com?subject=Sales%20Enquiry%20from%20Idhammar%20website\">kyle.noon@idhammarsystems.com<\/a><\/u><\/p>\t\t\t\t\t\t\t\t<\/div>\n\t\t\t\t<\/div>\n\t\t\t\t\t<\/div>\n\t\t<\/div>\n\t\t\t\t<div class=\"elementor-column elementor-col-33 elementor-top-column elementor-element elementor-element-9a8b161 dsvy-bg-color-over-image\" data-id=\"9a8b161\" data-element_type=\"column\" data-e-type=\"column\">\n\t\t\t<div class=\"elementor-widget-wrap elementor-element-populated\">\n\t\t\t\t\t\t<div class=\"elementor-element elementor-element-d2d9f44 elementor-widget elementor-widget-heading\" data-id=\"d2d9f44\" data-element_type=\"widget\" data-e-type=\"widget\" data-widget_type=\"heading.default\">\n\t\t\t\t<div class=\"elementor-widget-container\">\n\t\t\t\t\t<h2 class=\"elementor-heading-title elementor-size-default\">Helpdesk Support<\/h2>\t\t\t\t<\/div>\n\t\t\t\t<\/div>\n\t\t\t\t<div class=\"elementor-element elementor-element-06baa08 elementor-widget-divider--view-line elementor-widget elementor-widget-divider\" data-id=\"06baa08\" data-element_type=\"widget\" data-e-type=\"widget\" data-widget_type=\"divider.default\">\n\t\t\t\t<div class=\"elementor-widget-container\">\n\t\t\t\t\t\t\t<div class=\"elementor-divider\">\n\t\t\t<span class=\"elementor-divider-separator\">\n\t\t\t\t\t\t<\/span>\n\t\t<\/div>\n\t\t\t\t\t\t<\/div>\n\t\t\t\t<\/div>\n\t\t\t\t<div class=\"elementor-element elementor-element-7474410 elementor-widget elementor-widget-text-editor\" data-id=\"7474410\" data-element_type=\"widget\" data-e-type=\"widget\" data-widget_type=\"text-editor.default\">\n\t\t\t\t<div class=\"elementor-widget-container\">\n\t\t\t\t\t\t\t\t\t<p>Telefonnummer: +44 (0)1621 814 480<br>\n<br>E-postadress: <u><a href=\"mailto:help.desk@idhammarsystems.com?subject=Sales%20Enquiry%20from%20Idhammar%20site\">help.desk@idhammarsystems.com<\/a><\/u><\/p>\t\t\t\t\t\t\t\t<\/div>\n\t\t\t\t<\/div>\n\t\t\t\t\t<\/div>\n\t\t<\/div>\n\t\t\t\t\t<\/div>\n\t\t<\/section>\n\t\t\t\t<\/div>\n\t\t","protected":false},"excerpt":{"rendered":"<p>Kontakt Vi finns h\u00e4r f\u00f6r att hj\u00e4lpa er oavsett var ni befinner er p\u00e5 er resa mot datacenterade f\u00f6rb\u00e4ttringar inom anl\u00e4ggningsunderh\u00e5ll. Ta hj\u00e4lp av v\u00e5ra konsulter Vi guidar er genom varje steg av processen, varje funktion som v\u00e5r programvara erbjuder, och varje m\u00f6jlighet att utnyttja data f\u00f6r samarbete, insikter och proaktivt arbete. Vi garanterar att ni f\u00e5r ut det mesta fr\u00e5n Idhammar Systems. Inga krav | Ingen h\u00e5rd f\u00f6rs\u00e4ljning |[&hellip;]<\/p>\n","protected":false},"author":35,"featured_media":0,"parent":0,"menu_order":0,"comment_status":"closed","ping_status":"closed","template":"","meta":{"_acf_changed":false,"inline_featured_image":false,"footnotes":""},"class_list":["post-11215","page","type-page","status-publish","hentry"],"acf":[],"yoast_head":"<!-- This site is optimized with the Yoast SEO plugin v27.5 - https:\/\/yoast.com\/product\/yoast-seo-wordpress\/ -->\n<title>Kontakta Oss | Idhammar Systems<\/title>\n<meta name=\"description\" content=\"At Idhammar Systems, we\u2019re eager to empower maintenance and asset management. Get in touch today to find out more about how we transform your operations.\" \/>\n<meta name=\"robots\" content=\"index, follow, max-snippet:-1, max-image-preview:large, max-video-preview:-1\" \/>\n<link rel=\"canonical\" href=\"https:\/\/www.idhammarsystems.com\/sv\/kontakta-oss\/\" \/>\n<meta property=\"og:locale\" content=\"sv_SE\" \/>\n<meta property=\"og:type\" content=\"article\" \/>\n<meta property=\"og:title\" content=\"Kontakta Oss | Idhammar Systems\" \/>\n<meta property=\"og:description\" content=\"At Idhammar Systems, we\u2019re eager to empower maintenance and asset management. Get in touch today to find out more about how we transform your operations.\" \/>\n<meta property=\"og:url\" content=\"https:\/\/www.idhammarsystems.com\/sv\/kontakta-oss\/\" \/>\n<meta property=\"og:site_name\" content=\"Idhammar Systems\" \/>\n<meta property=\"article:modified_time\" content=\"2025-01-09T15:45:54+00:00\" \/>\n<meta property=\"og:image\" content=\"https:\/\/www.idhammarsystems.com\/wp-content\/uploads\/2023\/05\/Ny-logga.png\" \/>\n\t<meta property=\"og:image:width\" content=\"691\" \/>\n\t<meta property=\"og:image:height\" content=\"139\" \/>\n\t<meta property=\"og:image:type\" content=\"image\/png\" \/>\n<meta name=\"twitter:card\" content=\"summary_large_image\" \/>\n<meta name=\"twitter:label1\" content=\"Ber\u00e4knad l\u00e4stid\" \/>\n\t<meta name=\"twitter:data1\" content=\"1 minut\" \/>\n<script type=\"application\/ld+json\" class=\"yoast-schema-graph\">{\"@context\":\"https:\\\/\\\/schema.org\",\"@graph\":[{\"@type\":\"WebPage\",\"@id\":\"https:\\\/\\\/www.idhammarsystems.com\\\/sv\\\/kontakta-oss\\\/\",\"url\":\"https:\\\/\\\/www.idhammarsystems.com\\\/sv\\\/kontakta-oss\\\/\",\"name\":\"Kontakta Oss | Idhammar Systems\",\"isPartOf\":{\"@id\":\"https:\\\/\\\/www.idhammarsystems.com\\\/sv\\\/#website\"},\"datePublished\":\"2018-09-12T06:15:32+00:00\",\"dateModified\":\"2025-01-09T15:45:54+00:00\",\"description\":\"At Idhammar Systems, we\u2019re eager to empower maintenance and asset management. Get in touch today to find out more about how we transform your operations.\",\"breadcrumb\":{\"@id\":\"https:\\\/\\\/www.idhammarsystems.com\\\/sv\\\/kontakta-oss\\\/#breadcrumb\"},\"inLanguage\":\"sv-SE\",\"potentialAction\":[{\"@type\":\"ReadAction\",\"target\":[\"https:\\\/\\\/www.idhammarsystems.com\\\/sv\\\/kontakta-oss\\\/\"]}]},{\"@type\":\"BreadcrumbList\",\"@id\":\"https:\\\/\\\/www.idhammarsystems.com\\\/sv\\\/kontakta-oss\\\/#breadcrumb\",\"itemListElement\":[{\"@type\":\"ListItem\",\"position\":1,\"name\":\"Home\",\"item\":\"https:\\\/\\\/www.idhammarsystems.com\\\/sv\\\/\"},{\"@type\":\"ListItem\",\"position\":2,\"name\":\"Kontakta Oss\"}]},{\"@type\":\"WebSite\",\"@id\":\"https:\\\/\\\/www.idhammarsystems.com\\\/sv\\\/#website\",\"url\":\"https:\\\/\\\/www.idhammarsystems.com\\\/sv\\\/\",\"name\":\"Idhammar Systems\",\"description\":\"Empowering maintenance and asset management\",\"potentialAction\":[{\"@type\":\"SearchAction\",\"target\":{\"@type\":\"EntryPoint\",\"urlTemplate\":\"https:\\\/\\\/www.idhammarsystems.com\\\/sv\\\/?s={search_term_string}\"},\"query-input\":{\"@type\":\"PropertyValueSpecification\",\"valueRequired\":true,\"valueName\":\"search_term_string\"}}],\"inLanguage\":\"sv-SE\"}]}<\/script>\n<!-- \/ Yoast SEO plugin. -->","yoast_head_json":{"title":"Kontakta Oss | Idhammar Systems","description":"At Idhammar Systems, we\u2019re eager to empower maintenance and asset management. Get in touch today to find out more about how we transform your operations.","robots":{"index":"index","follow":"follow","max-snippet":"max-snippet:-1","max-image-preview":"max-image-preview:large","max-video-preview":"max-video-preview:-1"},"canonical":"https:\/\/www.idhammarsystems.com\/sv\/kontakta-oss\/","og_locale":"sv_SE","og_type":"article","og_title":"Kontakta Oss | Idhammar Systems","og_description":"At Idhammar Systems, we\u2019re eager to empower maintenance and asset management. Get in touch today to find out more about how we transform your operations.","og_url":"https:\/\/www.idhammarsystems.com\/sv\/kontakta-oss\/","og_site_name":"Idhammar Systems","article_modified_time":"2025-01-09T15:45:54+00:00","og_image":[{"width":691,"height":139,"url":"https:\/\/www.idhammarsystems.com\/wp-content\/uploads\/2023\/05\/Ny-logga.png","type":"image\/png"}],"twitter_card":"summary_large_image","twitter_misc":{"Ber\u00e4knad l\u00e4stid":"1 minut"},"schema":{"@context":"https:\/\/schema.org","@graph":[{"@type":"WebPage","@id":"https:\/\/www.idhammarsystems.com\/sv\/kontakta-oss\/","url":"https:\/\/www.idhammarsystems.com\/sv\/kontakta-oss\/","name":"Kontakta Oss | Idhammar Systems","isPartOf":{"@id":"https:\/\/www.idhammarsystems.com\/sv\/#website"},"datePublished":"2018-09-12T06:15:32+00:00","dateModified":"2025-01-09T15:45:54+00:00","description":"At Idhammar Systems, we\u2019re eager to empower maintenance and asset management. Get in touch today to find out more about how we transform your operations.","breadcrumb":{"@id":"https:\/\/www.idhammarsystems.com\/sv\/kontakta-oss\/#breadcrumb"},"inLanguage":"sv-SE","potentialAction":[{"@type":"ReadAction","target":["https:\/\/www.idhammarsystems.com\/sv\/kontakta-oss\/"]}]},{"@type":"BreadcrumbList","@id":"https:\/\/www.idhammarsystems.com\/sv\/kontakta-oss\/#breadcrumb","itemListElement":[{"@type":"ListItem","position":1,"name":"Home","item":"https:\/\/www.idhammarsystems.com\/sv\/"},{"@type":"ListItem","position":2,"name":"Kontakta Oss"}]},{"@type":"WebSite","@id":"https:\/\/www.idhammarsystems.com\/sv\/#website","url":"https:\/\/www.idhammarsystems.com\/sv\/","name":"Idhammar Systems","description":"Empowering maintenance and asset management","potentialAction":[{"@type":"SearchAction","target":{"@type":"EntryPoint","urlTemplate":"https:\/\/www.idhammarsystems.com\/sv\/?s={search_term_string}"},"query-input":{"@type":"PropertyValueSpecification","valueRequired":true,"valueName":"search_term_string"}}],"inLanguage":"sv-SE"}]}},"_links":{"self":[{"href":"https:\/\/www.idhammarsystems.com\/sv\/wp-json\/wp\/v2\/pages\/11215","targetHints":{"allow":["GET"]}}],"collection":[{"href":"https:\/\/www.idhammarsystems.com\/sv\/wp-json\/wp\/v2\/pages"}],"about":[{"href":"https:\/\/www.idhammarsystems.com\/sv\/wp-json\/wp\/v2\/types\/page"}],"author":[{"embeddable":true,"href":"https:\/\/www.idhammarsystems.com\/sv\/wp-json\/wp\/v2\/users\/35"}],"replies":[{"embeddable":true,"href":"https:\/\/www.idhammarsystems.com\/sv\/wp-json\/wp\/v2\/comments?post=11215"}],"version-history":[{"count":0,"href":"https:\/\/www.idhammarsystems.com\/sv\/wp-json\/wp\/v2\/pages\/11215\/revisions"}],"wp:attachment":[{"href":"https:\/\/www.idhammarsystems.com\/sv\/wp-json\/wp\/v2\/media?parent=11215"}],"curies":[{"name":"wp","href":"https:\/\/api.w.org\/{rel}","templated":true}]}}